{"id":150,"date":"2023-10-30T22:42:59","date_gmt":"2023-10-30T22:42:59","guid":{"rendered":"https:\/\/clasicosdesclasificados.usal.es\/?page_id=150"},"modified":"2025-05-12T20:38:44","modified_gmt":"2025-05-12T20:38:44","slug":"martinez-marianne-von","status":"publish","type":"page","link":"https:\/\/clasicosdesclasificados.usal.es\/en\/biografias\/martinez-marianne-von\/","title":{"rendered":"(Espa\u00f1ol) Mart\u00ednez. Biograf\u00eda"},"content":{"rendered":"<p class=\"qtranxs-available-languages-message qtranxs-available-languages-message-en\">Sorry, this entry is only available in <a href=\"https:\/\/clasicosdesclasificados.usal.es\/es\/wp-json\/wp\/v2\/pages\/150\" class=\"qtranxs-available-language-link qtranxs-available-language-link-es\" title=\"Espa\u00f1ol\">Espa\u00f1ol<\/a>.<\/p>","protected":false},"excerpt":{"rendered":"<p>Sorry, this entry is only available in Espa\u00f1ol.<\/p>\n","protected":false},"author":161,"featured_media":0,"parent":110,"menu_order":3,"comment_status":"closed","ping_status":"closed","template":"","meta":{"footnotes":""},"class_list":["post-150","page","type-page","status-publish","hentry"],"aioseo_notices":[],"_links":{"self":[{"href":"https:\/\/clasicosdesclasificados.usal.es\/en\/wp-json\/wp\/v2\/pages\/150","targetHints":{"allow":["GET"]}}],"collection":[{"href":"https:\/\/clasicosdesclasificados.usal.es\/en\/wp-json\/wp\/v2\/pages"}],"about":[{"href":"https:\/\/clasicosdesclasificados.usal.es\/en\/wp-json\/wp\/v2\/types\/page"}],"author":[{"embeddable":true,"href":"https:\/\/clasicosdesclasificados.usal.es\/en\/wp-json\/wp\/v2\/users\/161"}],"replies":[{"embeddable":true,"href":"https:\/\/clasicosdesclasificados.usal.es\/en\/wp-json\/wp\/v2\/comments?post=150"}],"version-history":[{"count":15,"href":"https:\/\/clasicosdesclasificados.usal.es\/en\/wp-json\/wp\/v2\/pages\/150\/revisions"}],"predecessor-version":[{"id":359,"href":"https:\/\/clasicosdesclasificados.usal.es\/en\/wp-json\/wp\/v2\/pages\/150\/revisions\/359"}],"up":[{"embeddable":true,"href":"https:\/\/clasicosdesclasificados.usal.es\/en\/wp-json\/wp\/v2\/pages\/110"}],"wp:attachment":[{"href":"https:\/\/clasicosdesclasificados.usal.es\/en\/wp-json\/wp\/v2\/media?parent=150"}],"curies":[{"name":"wp","href":"https:\/\/api.w.org\/{rel}","templated":true}]}}