{"id":153,"date":"2023-10-30T22:44:19","date_gmt":"2023-10-30T22:44:19","guid":{"rendered":"https:\/\/clasicosdesclasificados.usal.es\/?page_id=153"},"modified":"2025-05-12T20:39:12","modified_gmt":"2025-05-12T20:39:12","slug":"ordonez-karl-von","status":"publish","type":"page","link":"https:\/\/clasicosdesclasificados.usal.es\/en\/biografias\/ordonez-karl-von\/","title":{"rendered":"(Espa\u00f1ol) Ord\u00f3\u00f1ez. Biograf\u00eda"},"content":{"rendered":"<p class=\"qtranxs-available-languages-message qtranxs-available-languages-message-en\">Sorry, this entry is only available in <a href=\"https:\/\/clasicosdesclasificados.usal.es\/es\/wp-json\/wp\/v2\/pages\/153\" class=\"qtranxs-available-language-link qtranxs-available-language-link-es\" title=\"Espa\u00f1ol\">Espa\u00f1ol<\/a>.<\/p>","protected":false},"excerpt":{"rendered":"<p>Sorry, this entry is only available in Espa\u00f1ol.<\/p>\n","protected":false},"author":161,"featured_media":0,"parent":110,"menu_order":0,"comment_status":"closed","ping_status":"closed","template":"","meta":{"footnotes":""},"class_list":["post-153","page","type-page","status-publish","hentry"],"aioseo_notices":[],"_links":{"self":[{"href":"https:\/\/clasicosdesclasificados.usal.es\/en\/wp-json\/wp\/v2\/pages\/153","targetHints":{"allow":["GET"]}}],"collection":[{"href":"https:\/\/clasicosdesclasificados.usal.es\/en\/wp-json\/wp\/v2\/pages"}],"about":[{"href":"https:\/\/clasicosdesclasificados.usal.es\/en\/wp-json\/wp\/v2\/types\/page"}],"author":[{"embeddable":true,"href":"https:\/\/clasicosdesclasificados.usal.es\/en\/wp-json\/wp\/v2\/users\/161"}],"replies":[{"embeddable":true,"href":"https:\/\/clasicosdesclasificados.usal.es\/en\/wp-json\/wp\/v2\/comments?post=153"}],"version-history":[{"count":3,"href":"https:\/\/clasicosdesclasificados.usal.es\/en\/wp-json\/wp\/v2\/pages\/153\/revisions"}],"predecessor-version":[{"id":362,"href":"https:\/\/clasicosdesclasificados.usal.es\/en\/wp-json\/wp\/v2\/pages\/153\/revisions\/362"}],"up":[{"embeddable":true,"href":"https:\/\/clasicosdesclasificados.usal.es\/en\/wp-json\/wp\/v2\/pages\/110"}],"wp:attachment":[{"href":"https:\/\/clasicosdesclasificados.usal.es\/en\/wp-json\/wp\/v2\/media?parent=153"}],"curies":[{"name":"wp","href":"https:\/\/api.w.org\/{rel}","templated":true}]}}