{"id":325,"date":"2024-05-23T10:14:03","date_gmt":"2024-05-23T10:14:03","guid":{"rendered":"https:\/\/clasicosdesclasificados.usal.es\/?page_id=325"},"modified":"2024-05-23T10:26:00","modified_gmt":"2024-05-23T10:26:00","slug":"garcia-viardot-biografia","status":"publish","type":"page","link":"https:\/\/clasicosdesclasificados.usal.es\/en\/garcia-viardot-biografia\/","title":{"rendered":"(Espa\u00f1ol) Garc\u00eda-Viardot. Biograf\u00eda"},"content":{"rendered":"<p><span style=\"color: #993300;\"><strong>Bibliograf\u00eda<\/strong><\/span><\/p>\n<p style=\"padding-left: 40px;\"><strong>Borchard,<\/strong> Beatrix. &#8220;Viardot [n\u00e9e Garc\u00eda], (Michelle Ferdinande) Pauline.&#8221; Oxford University E-books, 2001. <a href=\"https:\/\/doi.org\/10.1093\/gmo\/9781561592630.article.29283.\">https:\/\/doi.org\/10.1093\/gmo\/9781561592630.article.29283.<\/a><br \/>\n<strong>Porto San Martin,<\/strong> Isabelle. \u201cJuan Jos\u00e9 Carreras (ed.), Historia de la m\u00fasica en Espa\u00f1a e Hispanoam\u00e9rica, vol. 5: La m\u00fasica en Espa\u00f1a en el siglo XIX\u201d. Madrid, Fondo de Cultura Econ\u00f3mica, 2018. <em>Transposition<\/em> 8 (2019). <a href=\"https:\/\/journals.openedition.org\/transposition\/3008\">https:\/\/journals.openedition.org\/transposition\/3008<\/a><br \/>\n<strong>Samson,<\/strong> Jim (ed.) <em>The Cambridge History of Nineteenth-Century Music<\/em>. Cambridge: Cambridge University Press, 2001. <a href=\"https:\/\/doi.org\/10.1017\/CHOL9780521590174.\">https:\/\/doi.org\/10.1017\/CHOL9780521590174.<\/a><br \/>\n<strong>Stanley,<\/strong> Sadie. &#8220;Viardot, Pauline.&#8221; In S. Stanley (Ed.), The New Grove Dictionary of Music and Musicians, Vol. 19, pp. 694-695. Print. 1980.<\/p>\n\n<p>Bibliograf\u00eda<\/p>\n<p style=\"padding-left: 40px;\"><strong>Borchard,<\/strong> Beatrix. &#8220;Viardot [n\u00e9e Garc\u00eda], (Michelle Ferdinande) Pauline.&#8221; Oxford University E-books, 2001. <a href=\"https:\/\/doi.org\/10.1093\/gmo\/9781561592630.article.29283.\">https:\/\/doi.org\/10.1093\/gmo\/9781561592630.article.29283.<\/a><br \/>\n<strong>Porto San Martin,<\/strong> Isabelle. \u201cJuan Jos\u00e9 Carreras (ed.), Historia de la m\u00fasica en Espa\u00f1a e Hispanoam\u00e9rica, vol. 5: La m\u00fasica en Espa\u00f1a en el siglo XIX\u201d. Madrid, Fondo de Cultura Econ\u00f3mica, 2018. <em>Transposition<\/em> 8 (2019). <a href=\"https:\/\/journals.openedition.org\/transposition\/3008\">https:\/\/journals.openedition.org\/transposition\/3008<\/a><br \/>\n<strong>Samson,<\/strong> Jim (ed.) <em>The Cambridge History of Nineteenth-Century Music<\/em>. Cambridge: Cambridge University Press, 2001. <a href=\"https:\/\/doi.org\/10.1017\/CHOL9780521590174.\">https:\/\/doi.org\/10.1017\/CHOL9780521590174.<\/a><br \/>\n<strong>Stanley,<\/strong> Sadie. &#8220;Viardot, Pauline.&#8221; In S. Stanley (Ed.), The New Grove Dictionary of Music and Musicians, Vol. 19, pp. 694-695. Print. 1980.<\/p>\n\n<p><span style=\"color: #993300;\"><strong>Bibliograf\u00eda<\/strong><\/span><\/p>\n<p style=\"padding-left: 40px;\"><strong>Borchard,<\/strong> Beatrix. &#8220;Viardot [n\u00e9e Garc\u00eda], (Michelle Ferdinande) Pauline.&#8221; Oxford University E-books, 2001. <a href=\"https:\/\/doi.org\/10.1093\/gmo\/9781561592630.article.29283.\">https:\/\/doi.org\/10.1093\/gmo\/9781561592630.article.29283.<\/a><br \/>\n<strong>Porto San Martin,<\/strong> Isabelle. \u201cJuan Jos\u00e9 Carreras (ed.), Historia de la m\u00fasica en Espa\u00f1a e Hispanoam\u00e9rica, vol. 5: La m\u00fasica en Espa\u00f1a en el siglo XIX\u201d. Madrid, Fondo de Cultura Econ\u00f3mica, 2018. <em>Transposition<\/em> 8 (2019). <a href=\"https:\/\/journals.openedition.org\/transposition\/3008\">https:\/\/journals.openedition.org\/transposition\/3008<\/a><br \/>\n<strong>Samson,<\/strong> Jim (ed.) <em>The Cambridge History of Nineteenth-Century Music<\/em>. Cambridge: Cambridge University Press, 2001. <a href=\"https:\/\/doi.org\/10.1017\/CHOL9780521590174.\">https:\/\/doi.org\/10.1017\/CHOL9780521590174.<\/a><br \/>\n<strong>Stanley,<\/strong> Sadie. &#8220;Viardot, Pauline.&#8221; In S. Stanley (Ed.), The New Grove Dictionary of Music and Musicians, Vol. 19, pp. 694-695. Print. 1980.<\/p>\n<p>Bibliograf\u00eda<\/p>\n<p style=\"padding-left: 40px;\"><strong>Borchard,<\/strong> Beatrix. &#8220;Viardot [n\u00e9e Garc\u00eda], (Michelle Ferdinande) Pauline.&#8221; Oxford University E-books, 2001. <a href=\"https:\/\/doi.org\/10.1093\/gmo\/9781561592630.article.29283.\">https:\/\/doi.org\/10.1093\/gmo\/9781561592630.article.29283.<\/a><br \/>\n<strong>Porto San Martin,<\/strong> Isabelle. \u201cJuan Jos\u00e9 Carreras (ed.), Historia de la m\u00fasica en Espa\u00f1a e Hispanoam\u00e9rica, vol. 5: La m\u00fasica en Espa\u00f1a en el siglo XIX\u201d. Madrid, Fondo de Cultura Econ\u00f3mica, 2018. <em>Transposition<\/em> 8 (2019). <a href=\"https:\/\/journals.openedition.org\/transposition\/3008\">https:\/\/journals.openedition.org\/transposition\/3008<\/a><br \/>\n<strong>Samson,<\/strong> Jim (ed.) <em>The Cambridge History of Nineteenth-Century Music<\/em>. Cambridge: Cambridge University Press, 2001. <a href=\"https:\/\/doi.org\/10.1017\/CHOL9780521590174.\">https:\/\/doi.org\/10.1017\/CHOL9780521590174.<\/a><br \/>\n<strong>Stanley,<\/strong> Sadie. &#8220;Viardot, Pauline.&#8221; In S. Stanley (Ed.), The New Grove Dictionary of Music and Musicians, Vol. 19, pp. 694-695. Print. 1980.<\/p>","protected":false},"excerpt":{"rendered":"<p>Bibliograf\u00eda Borchard, Beatrix. &#8220;Viardot [n\u00e9e Garc\u00eda], (Michelle Ferdinande) Pauline.&#8221; Oxford University E-books, 2001. https:\/\/doi.org\/10.1093\/gmo\/9781561592630.article.29283. Porto San Martin, Isabelle. \u201cJuan Jos\u00e9 Carreras (ed.), Historia de la m\u00fasica en Espa\u00f1a e Hispanoam\u00e9rica, vol. 5: La m\u00fasica en Espa\u00f1a en el siglo XIX\u201d. Madrid, Fondo de Cultura Econ\u00f3mica, 2018. Transposition 8 (2019). https:\/\/journals.openedition.org\/transposition\/3008 Samson, Jim (ed.) The Cambridge &hellip; <\/p>\n<p class=\"link-more\"><a href=\"https:\/\/clasicosdesclasificados.usal.es\/en\/garcia-viardot-biografia\/\" class=\"more-link\">Continue reading<span class=\"screen-reader-text\"> &#8220;(Espa\u00f1ol) Garc\u00eda-Viardot. Biograf\u00eda&#8221;<\/span><\/a><\/p>\n","protected":false},"author":161,"featured_media":0,"parent":0,"menu_order":0,"comment_status":"closed","ping_status":"closed","template":"","meta":{"footnotes":""},"class_list":["post-325","page","type-page","status-publish","hentry"],"aioseo_notices":[],"_links":{"self":[{"href":"https:\/\/clasicosdesclasificados.usal.es\/en\/wp-json\/wp\/v2\/pages\/325","targetHints":{"allow":["GET"]}}],"collection":[{"href":"https:\/\/clasicosdesclasificados.usal.es\/en\/wp-json\/wp\/v2\/pages"}],"about":[{"href":"https:\/\/clasicosdesclasificados.usal.es\/en\/wp-json\/wp\/v2\/types\/page"}],"author":[{"embeddable":true,"href":"https:\/\/clasicosdesclasificados.usal.es\/en\/wp-json\/wp\/v2\/users\/161"}],"replies":[{"embeddable":true,"href":"https:\/\/clasicosdesclasificados.usal.es\/en\/wp-json\/wp\/v2\/comments?post=325"}],"version-history":[{"count":4,"href":"https:\/\/clasicosdesclasificados.usal.es\/en\/wp-json\/wp\/v2\/pages\/325\/revisions"}],"predecessor-version":[{"id":331,"href":"https:\/\/clasicosdesclasificados.usal.es\/en\/wp-json\/wp\/v2\/pages\/325\/revisions\/331"}],"wp:attachment":[{"href":"https:\/\/clasicosdesclasificados.usal.es\/en\/wp-json\/wp\/v2\/media?parent=325"}],"curies":[{"name":"wp","href":"https:\/\/api.w.org\/{rel}","templated":true}]}}