{"id":363,"date":"2025-05-12T20:39:23","date_gmt":"2025-05-12T20:39:23","guid":{"rendered":"https:\/\/clasicosdesclasificados.usal.es\/?page_id=363"},"modified":"2025-05-12T20:39:23","modified_gmt":"2025-05-12T20:39:23","slug":"ordonez-karl-von","status":"publish","type":"page","link":"https:\/\/clasicosdesclasificados.usal.es\/en\/ordonez-karl-von\/","title":{"rendered":"(Espa\u00f1ol) Ord\u00f3\u00f1ez, Karl von"},"content":{"rendered":"","protected":false},"excerpt":{"rendered":"","protected":false},"author":161,"featured_media":0,"parent":0,"menu_order":0,"comment_status":"closed","ping_status":"closed","template":"","meta":{"footnotes":""},"class_list":["post-363","page","type-page","status-publish","hentry"],"aioseo_notices":[],"_links":{"self":[{"href":"https:\/\/clasicosdesclasificados.usal.es\/en\/wp-json\/wp\/v2\/pages\/363","targetHints":{"allow":["GET"]}}],"collection":[{"href":"https:\/\/clasicosdesclasificados.usal.es\/en\/wp-json\/wp\/v2\/pages"}],"about":[{"href":"https:\/\/clasicosdesclasificados.usal.es\/en\/wp-json\/wp\/v2\/types\/page"}],"author":[{"embeddable":true,"href":"https:\/\/clasicosdesclasificados.usal.es\/en\/wp-json\/wp\/v2\/users\/161"}],"replies":[{"embeddable":true,"href":"https:\/\/clasicosdesclasificados.usal.es\/en\/wp-json\/wp\/v2\/comments?post=363"}],"version-history":[{"count":1,"href":"https:\/\/clasicosdesclasificados.usal.es\/en\/wp-json\/wp\/v2\/pages\/363\/revisions"}],"predecessor-version":[{"id":364,"href":"https:\/\/clasicosdesclasificados.usal.es\/en\/wp-json\/wp\/v2\/pages\/363\/revisions\/364"}],"wp:attachment":[{"href":"https:\/\/clasicosdesclasificados.usal.es\/en\/wp-json\/wp\/v2\/media?parent=363"}],"curies":[{"name":"wp","href":"https:\/\/api.w.org\/{rel}","templated":true}]}}