{"id":390,"date":"2025-05-12T21:26:57","date_gmt":"2025-05-12T21:26:57","guid":{"rendered":"https:\/\/clasicosdesclasificados.usal.es\/?page_id=390"},"modified":"2025-05-12T21:26:57","modified_gmt":"2025-05-12T21:26:57","slug":"montgeroult-helene-de","status":"publish","type":"page","link":"https:\/\/clasicosdesclasificados.usal.es\/en\/montgeroult-helene-de\/","title":{"rendered":"(Espa\u00f1ol) Montgeroult, H\u00e9l\u00e8ne de"},"content":{"rendered":"","protected":false},"excerpt":{"rendered":"","protected":false},"author":161,"featured_media":0,"parent":0,"menu_order":0,"comment_status":"closed","ping_status":"closed","template":"","meta":{"footnotes":""},"class_list":["post-390","page","type-page","status-publish","hentry"],"aioseo_notices":[],"_links":{"self":[{"href":"https:\/\/clasicosdesclasificados.usal.es\/en\/wp-json\/wp\/v2\/pages\/390","targetHints":{"allow":["GET"]}}],"collection":[{"href":"https:\/\/clasicosdesclasificados.usal.es\/en\/wp-json\/wp\/v2\/pages"}],"about":[{"href":"https:\/\/clasicosdesclasificados.usal.es\/en\/wp-json\/wp\/v2\/types\/page"}],"author":[{"embeddable":true,"href":"https:\/\/clasicosdesclasificados.usal.es\/en\/wp-json\/wp\/v2\/users\/161"}],"replies":[{"embeddable":true,"href":"https:\/\/clasicosdesclasificados.usal.es\/en\/wp-json\/wp\/v2\/comments?post=390"}],"version-history":[{"count":1,"href":"https:\/\/clasicosdesclasificados.usal.es\/en\/wp-json\/wp\/v2\/pages\/390\/revisions"}],"predecessor-version":[{"id":391,"href":"https:\/\/clasicosdesclasificados.usal.es\/en\/wp-json\/wp\/v2\/pages\/390\/revisions\/391"}],"wp:attachment":[{"href":"https:\/\/clasicosdesclasificados.usal.es\/en\/wp-json\/wp\/v2\/media?parent=390"}],"curies":[{"name":"wp","href":"https:\/\/api.w.org\/{rel}","templated":true}]}}