{"id":444,"date":"2025-05-14T21:06:03","date_gmt":"2025-05-14T21:06:03","guid":{"rendered":"https:\/\/clasicosdesclasificados.usal.es\/?page_id=444"},"modified":"2025-05-14T21:06:03","modified_gmt":"2025-05-14T21:06:03","slug":"stepan-josef-antonin","status":"publish","type":"page","link":"https:\/\/clasicosdesclasificados.usal.es\/en\/stepan-josef-antonin\/","title":{"rendered":"(Espa\u00f1ol) \u0160t\u011bp\u00e1n, Josef Anton\u00edn"},"content":{"rendered":"","protected":false},"excerpt":{"rendered":"","protected":false},"author":161,"featured_media":0,"parent":0,"menu_order":0,"comment_status":"closed","ping_status":"closed","template":"","meta":{"footnotes":""},"class_list":["post-444","page","type-page","status-publish","hentry"],"aioseo_notices":[],"_links":{"self":[{"href":"https:\/\/clasicosdesclasificados.usal.es\/en\/wp-json\/wp\/v2\/pages\/444","targetHints":{"allow":["GET"]}}],"collection":[{"href":"https:\/\/clasicosdesclasificados.usal.es\/en\/wp-json\/wp\/v2\/pages"}],"about":[{"href":"https:\/\/clasicosdesclasificados.usal.es\/en\/wp-json\/wp\/v2\/types\/page"}],"author":[{"embeddable":true,"href":"https:\/\/clasicosdesclasificados.usal.es\/en\/wp-json\/wp\/v2\/users\/161"}],"replies":[{"embeddable":true,"href":"https:\/\/clasicosdesclasificados.usal.es\/en\/wp-json\/wp\/v2\/comments?post=444"}],"version-history":[{"count":1,"href":"https:\/\/clasicosdesclasificados.usal.es\/en\/wp-json\/wp\/v2\/pages\/444\/revisions"}],"predecessor-version":[{"id":445,"href":"https:\/\/clasicosdesclasificados.usal.es\/en\/wp-json\/wp\/v2\/pages\/444\/revisions\/445"}],"wp:attachment":[{"href":"https:\/\/clasicosdesclasificados.usal.es\/en\/wp-json\/wp\/v2\/media?parent=444"}],"curies":[{"name":"wp","href":"https:\/\/api.w.org\/{rel}","templated":true}]}}